{"id":368,"date":"2025-05-19T20:16:12","date_gmt":"2025-05-19T18:16:12","guid":{"rendered":"https:\/\/www.simracingalmeria.es\/?page_id=368"},"modified":"2025-05-19T23:14:01","modified_gmt":"2025-05-19T21:14:01","slug":"sebring-17-5-2025","status":"publish","type":"page","link":"https:\/\/www.simracingalmeria.es\/index.php\/sebring-17-5-2025\/","title":{"rendered":"Sebring 17-5-2025"},"content":{"rendered":"\t\t<div data-elementor-type=\"wp-page\" data-elementor-id=\"368\" class=\"elementor elementor-368\" data-elementor-post-type=\"page\">\n\t\t\t\t<div class=\"elementor-element elementor-element-87d3b62 e-flex e-con-boxed e-con e-parent\" data-id=\"87d3b62\" data-element_type=\"container\">\n\t\t\t\t\t<div class=\"e-con-inner\">\n\t\t\t\t<div class=\"elementor-element elementor-element-4c52c15 elementor-widget elementor-widget-heading\" data-id=\"4c52c15\" data-element_type=\"widget\" data-widget_type=\"heading.default\">\n\t\t\t\t<div class=\"elementor-widget-container\">\n\t\t\t<h2 class=\"elementor-heading-title elementor-size-default\">Campeonato Am\u00e9ricas -Sebring 17-5-2025-<\/h2>\t\t<\/div>\n\t\t\t\t<\/div>\n\t\t\t\t\t<\/div>\n\t\t\t\t<\/div>\n\t\t<div class=\"elementor-element elementor-element-c427f2c e-flex e-con-boxed e-con e-parent\" data-id=\"c427f2c\" data-element_type=\"container\">\n\t\t\t\t\t<div class=\"e-con-inner\">\n\t\t\t\t<div class=\"elementor-element elementor-element-59a4f18 elementor-widget elementor-widget-text-editor\" data-id=\"59a4f18\" data-element_type=\"widget\" data-widget_type=\"text-editor.default\">\n\t\t\t\t<div class=\"elementor-widget-container\">\n\t\t\t\t\t\t\t<p>El pasado 17 de Mayo, se celebr\u00f3 la segunda prueba puntuable para el <a href=\"https:\/\/www.simracingalmeria.es\/index.php\/campeonato-las-americas\/\">Campeonato las Am\u00e9ricas<\/a>, en esta ocasi\u00f3n la prueba se hizo en el m\u00edtico circuito de Sebring con el coche Porsche 919 Hibrido.<\/p><p>El setup del coche, era cerrado y para todos los pilotos el mismo, setup realizado por el <a href=\"https:\/\/www.instagram.com\/abelcaror\/\" target=\"_blank\" rel=\"noopener\">Ingeniero Abel Caro.<\/a><\/p><p>La particularidad de la gesti\u00f3n el\u00e9ctrica del coche, fue un reto para los pilotos, donde la estrategia jugo un papel importante durante la carrera.<\/p><p>Y es que este coche, con su gesti\u00f3n el\u00e9ctrica, genera 400 cv adicionales a los 400 cv que da el motor de combusti\u00f3n.\u00a0<\/p><p>Participaron 31 pilotos, distribuidos en 4 grupos, seg\u00fan tiempos de clasificaci\u00f3n, ning\u00fan grupo defraudo en dar espect\u00e1culo, demostrando destreza y estrategia a los mandos de los cockpits.<\/p><p>Los grupos Plata y Oro, fueron retrasmitidos y comentados por <a href=\"https:\/\/clubsimracing.com\/\" target=\"_blank\" rel=\"noopener\">Club SimRacing<\/a>, como siempre hicieron un trabajo de retrasmisi\u00f3n impecable. <a href=\"https:\/\/www.youtube.com\/watch?v=gMCZ0k5xMi0&amp;list=PLii8MUw5fSOI36oU6QLjj7KNW6BtJ1sX8&amp;index=1\" target=\"_blank\" rel=\"noopener\">Ver Retrasmisi\u00f3n.<\/a><\/p>\t\t\t\t\t\t<\/div>\n\t\t\t\t<\/div>\n\t\t\t\t\t<\/div>\n\t\t\t\t<\/div>\n\t\t<div class=\"elementor-element elementor-element-5d64543 e-flex e-con-boxed e-con e-parent\" data-id=\"5d64543\" data-element_type=\"container\">\n\t\t\t\t\t<div class=\"e-con-inner\">\n\t\t\t\t<div class=\"elementor-element elementor-element-3abcd6e elementor-widget elementor-widget-heading\" data-id=\"3abcd6e\" data-element_type=\"widget\" data-widget_type=\"heading.default\">\n\t\t\t\t<div class=\"elementor-widget-container\">\n\t\t\t<h5 class=\"elementor-heading-title elementor-size-default\">Resultados Clasificaci\u00f3n y Carrera<\/h5>\t\t<\/div>\n\t\t\t\t<\/div>\n\t\t\t\t<div class=\"elementor-element elementor-element-e59cb05 elementor-icon-list--layout-traditional elementor-list-item-link-full_width elementor-widget elementor-widget-icon-list\" data-id=\"e59cb05\" data-element_type=\"widget\" data-widget_type=\"icon-list.default\">\n\t\t\t\t<div class=\"elementor-widget-container\">\n\t\t\t\t\t<ul class=\"elementor-icon-list-items\">\n\t\t\t\t\t\t\t<li class=\"elementor-icon-list-item\">\n\t\t\t\t\t\t\t\t\t\t\t<a href=\"https:\/\/www.simracingalmeria.es\/wp-content\/uploads\/2025\/05\/Grupos-CAMPEONATOS-LAS-AMERICAS-SEBRING-.pdf\" target=\"_blank\">\n\n\t\t\t\t\t\t\t\t\t\t\t\t<span class=\"elementor-icon-list-icon\">\n\t\t\t\t\t\t\t<svg aria-hidden=\"true\" class=\"e-font-icon-svg e-fas-chevron-right\" viewBox=\"0 0 320 512\" xmlns=\"http:\/\/www.w3.org\/2000\/svg\"><path d=\"M285.476 272.971L91.132 467.314c-9.373 9.373-24.569 9.373-33.941 0l-22.667-22.667c-9.357-9.357-9.375-24.522-.04-33.901L188.505 256 34.484 101.255c-9.335-9.379-9.317-24.544.04-33.901l22.667-22.667c9.373-9.373 24.569-9.373 33.941 0L285.475 239.03c9.373 9.372 9.373 24.568.001 33.941z\"><\/path><\/svg>\t\t\t\t\t\t<\/span>\n\t\t\t\t\t\t\t\t\t\t<span class=\"elementor-icon-list-text\">Distribuci\u00f3n de Grupos y General Previa a la carrera.<\/span>\n\t\t\t\t\t\t\t\t\t\t\t<\/a>\n\t\t\t\t\t\t\t\t\t<\/li>\n\t\t\t\t\t\t\t\t<li class=\"elementor-icon-list-item\">\n\t\t\t\t\t\t\t\t\t\t\t<a href=\"https:\/\/www.simracingalmeria.es\/wp-content\/uploads\/2025\/05\/sebring-qualy-oro.pdf\" target=\"_blank\">\n\n\t\t\t\t\t\t\t\t\t\t\t\t<span class=\"elementor-icon-list-icon\">\n\t\t\t\t\t\t\t<svg aria-hidden=\"true\" class=\"e-font-icon-svg e-fas-chevron-right\" viewBox=\"0 0 320 512\" xmlns=\"http:\/\/www.w3.org\/2000\/svg\"><path d=\"M285.476 272.971L91.132 467.314c-9.373 9.373-24.569 9.373-33.941 0l-22.667-22.667c-9.357-9.357-9.375-24.522-.04-33.901L188.505 256 34.484 101.255c-9.335-9.379-9.317-24.544.04-33.901l22.667-22.667c9.373-9.373 24.569-9.373 33.941 0L285.475 239.03c9.373 9.372 9.373 24.568.001 33.941z\"><\/path><\/svg>\t\t\t\t\t\t<\/span>\n\t\t\t\t\t\t\t\t\t\t<span class=\"elementor-icon-list-text\">Grupo Oro - Clasificaci\u00f3n<\/span>\n\t\t\t\t\t\t\t\t\t\t\t<\/a>\n\t\t\t\t\t\t\t\t\t<\/li>\n\t\t\t\t\t\t\t\t<li class=\"elementor-icon-list-item\">\n\t\t\t\t\t\t\t\t\t\t\t<a href=\"https:\/\/www.simracingalmeria.es\/wp-content\/uploads\/2025\/05\/sebring-carrera-oro.pdf\" target=\"_blank\">\n\n\t\t\t\t\t\t\t\t\t\t\t\t<span class=\"elementor-icon-list-icon\">\n\t\t\t\t\t\t\t<svg aria-hidden=\"true\" class=\"e-font-icon-svg e-fas-chevron-right\" viewBox=\"0 0 320 512\" xmlns=\"http:\/\/www.w3.org\/2000\/svg\"><path d=\"M285.476 272.971L91.132 467.314c-9.373 9.373-24.569 9.373-33.941 0l-22.667-22.667c-9.357-9.357-9.375-24.522-.04-33.901L188.505 256 34.484 101.255c-9.335-9.379-9.317-24.544.04-33.901l22.667-22.667c9.373-9.373 24.569-9.373 33.941 0L285.475 239.03c9.373 9.372 9.373 24.568.001 33.941z\"><\/path><\/svg>\t\t\t\t\t\t<\/span>\n\t\t\t\t\t\t\t\t\t\t<span class=\"elementor-icon-list-text\">Grupo Oro - Carrera<\/span>\n\t\t\t\t\t\t\t\t\t\t\t<\/a>\n\t\t\t\t\t\t\t\t\t<\/li>\n\t\t\t\t\t\t\t\t<li class=\"elementor-icon-list-item\">\n\t\t\t\t\t\t\t\t\t\t\t<a href=\"https:\/\/www.simracingalmeria.es\/wp-content\/uploads\/2025\/05\/sebring-qualy-plata.pdf\" target=\"_blank\">\n\n\t\t\t\t\t\t\t\t\t\t\t\t<span class=\"elementor-icon-list-icon\">\n\t\t\t\t\t\t\t<svg aria-hidden=\"true\" class=\"e-font-icon-svg e-fas-chevron-right\" viewBox=\"0 0 320 512\" xmlns=\"http:\/\/www.w3.org\/2000\/svg\"><path d=\"M285.476 272.971L91.132 467.314c-9.373 9.373-24.569 9.373-33.941 0l-22.667-22.667c-9.357-9.357-9.375-24.522-.04-33.901L188.505 256 34.484 101.255c-9.335-9.379-9.317-24.544.04-33.901l22.667-22.667c9.373-9.373 24.569-9.373 33.941 0L285.475 239.03c9.373 9.372 9.373 24.568.001 33.941z\"><\/path><\/svg>\t\t\t\t\t\t<\/span>\n\t\t\t\t\t\t\t\t\t\t<span class=\"elementor-icon-list-text\">Grupo Plata - Clasificaci\u00f3n<\/span>\n\t\t\t\t\t\t\t\t\t\t\t<\/a>\n\t\t\t\t\t\t\t\t\t<\/li>\n\t\t\t\t\t\t\t\t<li class=\"elementor-icon-list-item\">\n\t\t\t\t\t\t\t\t\t\t\t<a href=\"https:\/\/www.simracingalmeria.es\/wp-content\/uploads\/2025\/05\/sebring-carrera-plata.pdf\" target=\"_blank\">\n\n\t\t\t\t\t\t\t\t\t\t\t\t<span class=\"elementor-icon-list-icon\">\n\t\t\t\t\t\t\t<svg aria-hidden=\"true\" class=\"e-font-icon-svg e-fas-chevron-right\" viewBox=\"0 0 320 512\" xmlns=\"http:\/\/www.w3.org\/2000\/svg\"><path d=\"M285.476 272.971L91.132 467.314c-9.373 9.373-24.569 9.373-33.941 0l-22.667-22.667c-9.357-9.357-9.375-24.522-.04-33.901L188.505 256 34.484 101.255c-9.335-9.379-9.317-24.544.04-33.901l22.667-22.667c9.373-9.373 24.569-9.373 33.941 0L285.475 239.03c9.373 9.372 9.373 24.568.001 33.941z\"><\/path><\/svg>\t\t\t\t\t\t<\/span>\n\t\t\t\t\t\t\t\t\t\t<span class=\"elementor-icon-list-text\">Grupo Plata - Carrera<\/span>\n\t\t\t\t\t\t\t\t\t\t\t<\/a>\n\t\t\t\t\t\t\t\t\t<\/li>\n\t\t\t\t\t\t\t\t<li class=\"elementor-icon-list-item\">\n\t\t\t\t\t\t\t\t\t\t\t<a href=\"https:\/\/www.simracingalmeria.es\/wp-content\/uploads\/2025\/05\/sebring-qualy-bronce.pdf\" target=\"_blank\">\n\n\t\t\t\t\t\t\t\t\t\t\t\t<span class=\"elementor-icon-list-icon\">\n\t\t\t\t\t\t\t<svg aria-hidden=\"true\" class=\"e-font-icon-svg e-fas-chevron-right\" viewBox=\"0 0 320 512\" xmlns=\"http:\/\/www.w3.org\/2000\/svg\"><path d=\"M285.476 272.971L91.132 467.314c-9.373 9.373-24.569 9.373-33.941 0l-22.667-22.667c-9.357-9.357-9.375-24.522-.04-33.901L188.505 256 34.484 101.255c-9.335-9.379-9.317-24.544.04-33.901l22.667-22.667c9.373-9.373 24.569-9.373 33.941 0L285.475 239.03c9.373 9.372 9.373 24.568.001 33.941z\"><\/path><\/svg>\t\t\t\t\t\t<\/span>\n\t\t\t\t\t\t\t\t\t\t<span class=\"elementor-icon-list-text\">Grupo Bronce - Clasificaci\u00f3n<\/span>\n\t\t\t\t\t\t\t\t\t\t\t<\/a>\n\t\t\t\t\t\t\t\t\t<\/li>\n\t\t\t\t\t\t\t\t<li class=\"elementor-icon-list-item\">\n\t\t\t\t\t\t\t\t\t\t\t<a href=\"https:\/\/www.simracingalmeria.es\/wp-content\/uploads\/2025\/05\/sebring-carrera-bronce.pdf\" target=\"_blank\">\n\n\t\t\t\t\t\t\t\t\t\t\t\t<span class=\"elementor-icon-list-icon\">\n\t\t\t\t\t\t\t<svg aria-hidden=\"true\" class=\"e-font-icon-svg e-fas-chevron-right\" viewBox=\"0 0 320 512\" xmlns=\"http:\/\/www.w3.org\/2000\/svg\"><path d=\"M285.476 272.971L91.132 467.314c-9.373 9.373-24.569 9.373-33.941 0l-22.667-22.667c-9.357-9.357-9.375-24.522-.04-33.901L188.505 256 34.484 101.255c-9.335-9.379-9.317-24.544.04-33.901l22.667-22.667c9.373-9.373 24.569-9.373 33.941 0L285.475 239.03c9.373 9.372 9.373 24.568.001 33.941z\"><\/path><\/svg>\t\t\t\t\t\t<\/span>\n\t\t\t\t\t\t\t\t\t\t<span class=\"elementor-icon-list-text\">Grupo Bronce - Carrera<\/span>\n\t\t\t\t\t\t\t\t\t\t\t<\/a>\n\t\t\t\t\t\t\t\t\t<\/li>\n\t\t\t\t\t\t\t\t<li class=\"elementor-icon-list-item\">\n\t\t\t\t\t\t\t\t\t\t\t<a href=\"https:\/\/www.simracingalmeria.es\/wp-content\/uploads\/2025\/05\/sebring-qualy-cobre.pdf\" target=\"_blank\">\n\n\t\t\t\t\t\t\t\t\t\t\t\t<span class=\"elementor-icon-list-icon\">\n\t\t\t\t\t\t\t<svg aria-hidden=\"true\" class=\"e-font-icon-svg e-fas-chevron-right\" viewBox=\"0 0 320 512\" xmlns=\"http:\/\/www.w3.org\/2000\/svg\"><path d=\"M285.476 272.971L91.132 467.314c-9.373 9.373-24.569 9.373-33.941 0l-22.667-22.667c-9.357-9.357-9.375-24.522-.04-33.901L188.505 256 34.484 101.255c-9.335-9.379-9.317-24.544.04-33.901l22.667-22.667c9.373-9.373 24.569-9.373 33.941 0L285.475 239.03c9.373 9.372 9.373 24.568.001 33.941z\"><\/path><\/svg>\t\t\t\t\t\t<\/span>\n\t\t\t\t\t\t\t\t\t\t<span class=\"elementor-icon-list-text\">Grupo Cobre - Clasificaci\u00f3n<\/span>\n\t\t\t\t\t\t\t\t\t\t\t<\/a>\n\t\t\t\t\t\t\t\t\t<\/li>\n\t\t\t\t\t\t\t\t<li class=\"elementor-icon-list-item\">\n\t\t\t\t\t\t\t\t\t\t\t<a href=\"https:\/\/www.simracingalmeria.es\/wp-content\/uploads\/2025\/05\/sebring-carrera-cobre.pdf\" target=\"_blank\">\n\n\t\t\t\t\t\t\t\t\t\t\t\t<span class=\"elementor-icon-list-icon\">\n\t\t\t\t\t\t\t<svg aria-hidden=\"true\" class=\"e-font-icon-svg e-fas-chevron-right\" viewBox=\"0 0 320 512\" xmlns=\"http:\/\/www.w3.org\/2000\/svg\"><path d=\"M285.476 272.971L91.132 467.314c-9.373 9.373-24.569 9.373-33.941 0l-22.667-22.667c-9.357-9.357-9.375-24.522-.04-33.901L188.505 256 34.484 101.255c-9.335-9.379-9.317-24.544.04-33.901l22.667-22.667c9.373-9.373 24.569-9.373 33.941 0L285.475 239.03c9.373 9.372 9.373 24.568.001 33.941z\"><\/path><\/svg>\t\t\t\t\t\t<\/span>\n\t\t\t\t\t\t\t\t\t\t<span class=\"elementor-icon-list-text\">Grupo Cobre - Carrera<\/span>\n\t\t\t\t\t\t\t\t\t\t\t<\/a>\n\t\t\t\t\t\t\t\t\t<\/li>\n\t\t\t\t\t\t<\/ul>\n\t\t\t\t<\/div>\n\t\t\t\t<\/div>\n\t\t\t\t\t<\/div>\n\t\t\t\t<\/div>\n\t\t<div class=\"elementor-element elementor-element-aa54a0b e-flex e-con-boxed e-con e-parent\" data-id=\"aa54a0b\" data-element_type=\"container\">\n\t\t\t\t\t<div class=\"e-con-inner\">\n\t\t\t\t<div class=\"elementor-element elementor-element-5d2d4a6 elementor-widget elementor-widget-heading\" data-id=\"5d2d4a6\" data-element_type=\"widget\" data-widget_type=\"heading.default\">\n\t\t\t\t<div class=\"elementor-widget-container\">\n\t\t\t<h3 class=\"elementor-heading-title elementor-size-default\">P\u00f3diums<\/h3>\t\t<\/div>\n\t\t\t\t<\/div>\n\t\t\t\t\t<\/div>\n\t\t\t\t<\/div>\n\t\t<div class=\"elementor-element elementor-element-6af66c7 e-grid e-con-boxed e-con e-parent\" data-id=\"6af66c7\" data-element_type=\"container\">\n\t\t\t\t\t<div class=\"e-con-inner\">\n\t\t\t\t<div class=\"elementor-element elementor-element-3a538c4 elementor-position-top elementor-widget elementor-widget-image-box\" data-id=\"3a538c4\" data-element_type=\"widget\" data-widget_type=\"image-box.default\">\n\t\t\t\t<div class=\"elementor-widget-container\">\n\t\t\t<div class=\"elementor-image-box-wrapper\"><figure class=\"elementor-image-box-img\"><img fetchpriority=\"high\" decoding=\"async\" width=\"333\" height=\"591\" src=\"https:\/\/www.simracingalmeria.es\/wp-content\/uploads\/2025\/05\/IMG_4284.jpeg\" class=\"attachment-full size-full wp-image-385\" alt=\"\" srcset=\"https:\/\/www.simracingalmeria.es\/wp-content\/uploads\/2025\/05\/IMG_4284.jpeg 333w, https:\/\/www.simracingalmeria.es\/wp-content\/uploads\/2025\/05\/IMG_4284-169x300.jpeg 169w\" sizes=\"(max-width: 333px) 100vw, 333px\" \/><\/figure><div class=\"elementor-image-box-content\"><h3 class=\"elementor-image-box-title\">Grupo Oro<\/h3><p class=\"elementor-image-box-description\">1\u00ba Abraham Martinez <br>\n2\u00ba Antonio Bretones <br>\n3\u00ba Eduardo Cesar Molina<\/p><\/div><\/div>\t\t<\/div>\n\t\t\t\t<\/div>\n\t\t\t\t<div class=\"elementor-element elementor-element-fb102ba elementor-position-top elementor-widget elementor-widget-image-box\" data-id=\"fb102ba\" data-element_type=\"widget\" data-widget_type=\"image-box.default\">\n\t\t\t\t<div class=\"elementor-widget-container\">\n\t\t\t<div class=\"elementor-image-box-wrapper\"><figure class=\"elementor-image-box-img\"><img decoding=\"async\" width=\"333\" height=\"591\" src=\"https:\/\/www.simracingalmeria.es\/wp-content\/uploads\/2025\/05\/IMG_4281.jpeg\" class=\"attachment-full size-full wp-image-384\" alt=\"\" srcset=\"https:\/\/www.simracingalmeria.es\/wp-content\/uploads\/2025\/05\/IMG_4281.jpeg 333w, https:\/\/www.simracingalmeria.es\/wp-content\/uploads\/2025\/05\/IMG_4281-169x300.jpeg 169w\" sizes=\"(max-width: 333px) 100vw, 333px\" \/><\/figure><div class=\"elementor-image-box-content\"><h3 class=\"elementor-image-box-title\">Grupo Plata<\/h3><p class=\"elementor-image-box-description\">1\u00ba Sergio Tripiana <br>\n2\u00ba Antonio Navarro <br>\n3\u00ba Eduardo Cordoba<\/p><\/div><\/div>\t\t<\/div>\n\t\t\t\t<\/div>\n\t\t\t\t<div class=\"elementor-element elementor-element-d2bad1a elementor-position-top elementor-widget elementor-widget-image-box\" data-id=\"d2bad1a\" data-element_type=\"widget\" data-widget_type=\"image-box.default\">\n\t\t\t\t<div class=\"elementor-widget-container\">\n\t\t\t<div class=\"elementor-image-box-wrapper\"><figure class=\"elementor-image-box-img\"><img decoding=\"async\" width=\"333\" height=\"591\" src=\"https:\/\/www.simracingalmeria.es\/wp-content\/uploads\/2025\/05\/IMG_4287.jpeg\" class=\"attachment-full size-full wp-image-386\" alt=\"\" srcset=\"https:\/\/www.simracingalmeria.es\/wp-content\/uploads\/2025\/05\/IMG_4287.jpeg 333w, https:\/\/www.simracingalmeria.es\/wp-content\/uploads\/2025\/05\/IMG_4287-169x300.jpeg 169w\" sizes=\"(max-width: 333px) 100vw, 333px\" \/><\/figure><div class=\"elementor-image-box-content\"><h3 class=\"elementor-image-box-title\">Grupo Bronce<\/h3><p class=\"elementor-image-box-description\">1\u00ba Dario Petri <br>\n2\u00ba Raul Eduardo Mateu <br>\n3\u00ba Miguel Angel Membrives<\/p><\/div><\/div>\t\t<\/div>\n\t\t\t\t<\/div>\n\t\t\t\t<div class=\"elementor-element elementor-element-88fee9d elementor-position-top elementor-widget elementor-widget-image-box\" data-id=\"88fee9d\" data-element_type=\"widget\" data-widget_type=\"image-box.default\">\n\t\t\t\t<div class=\"elementor-widget-container\">\n\t\t\t<div class=\"elementor-image-box-wrapper\"><figure class=\"elementor-image-box-img\"><img loading=\"lazy\" decoding=\"async\" width=\"333\" height=\"591\" src=\"https:\/\/www.simracingalmeria.es\/wp-content\/uploads\/2025\/05\/IMG_4294.jpeg\" class=\"attachment-full size-full wp-image-387\" alt=\"\" srcset=\"https:\/\/www.simracingalmeria.es\/wp-content\/uploads\/2025\/05\/IMG_4294.jpeg 333w, https:\/\/www.simracingalmeria.es\/wp-content\/uploads\/2025\/05\/IMG_4294-169x300.jpeg 169w\" sizes=\"(max-width: 333px) 100vw, 333px\" \/><\/figure><div class=\"elementor-image-box-content\"><h3 class=\"elementor-image-box-title\">Grupo Cobre<\/h3><p class=\"elementor-image-box-description\">1\u00ba Giovanny <br>\n2\u00ba Alejandro Cuadra <br>\n3\u00ba Alejandro Nieto<\/p><\/div><\/div>\t\t<\/div>\n\t\t\t\t<\/div>\n\t\t\t\t\t<\/div>\n\t\t\t\t<\/div>\n\t\t\t\t<\/div>\n\t\t","protected":false},"excerpt":{"rendered":"<p>Campeonato Am\u00e9ricas -Sebring 17-5-2025- El pasado 17 de Mayo, se celebr\u00f3 la segunda prueba puntuable para el Campeonato las Am\u00e9ricas, en esta ocasi\u00f3n la prueba se hizo en el m\u00edtico circuito de Sebring con el coche Porsche 919 Hibrido. El setup del coche, era cerrado y para todos los pilotos el mismo, setup realizado por [&hellip;]<\/p>\n","protected":false},"author":1,"featured_media":0,"parent":0,"menu_order":0,"comment_status":"closed","ping_status":"closed","template":"","meta":{"footnotes":""},"class_list":["post-368","page","type-page","status-publish","hentry"],"yoast_head":"<!-- This site is optimized with the Yoast SEO plugin v23.0 - https:\/\/yoast.com\/wordpress\/plugins\/seo\/ -->\n<title>Sebring 17-5-2025 - SimRacing Almeria<\/title>\n<meta name=\"robots\" content=\"index, follow, max-snippet:-1, max-image-preview:large, max-video-preview:-1\" \/>\n<link rel=\"canonical\" href=\"https:\/\/www.simracingalmeria.es\/index.php\/sebring-17-5-2025\/\" \/>\n<meta property=\"og:locale\" content=\"es_ES\" \/>\n<meta property=\"og:type\" content=\"article\" \/>\n<meta property=\"og:title\" content=\"Sebring 17-5-2025 - SimRacing Almeria\" \/>\n<meta property=\"og:description\" content=\"Campeonato Am\u00e9ricas -Sebring 17-5-2025- El pasado 17 de Mayo, se celebr\u00f3 la segunda prueba puntuable para el Campeonato las Am\u00e9ricas, en esta ocasi\u00f3n la prueba se hizo en el m\u00edtico circuito de Sebring con el coche Porsche 919 Hibrido. El setup del coche, era cerrado y para todos los pilotos el mismo, setup realizado por [&hellip;]\" \/>\n<meta property=\"og:url\" content=\"https:\/\/www.simracingalmeria.es\/index.php\/sebring-17-5-2025\/\" \/>\n<meta property=\"og:site_name\" content=\"SimRacing Almeria\" \/>\n<meta property=\"article:modified_time\" content=\"2025-05-19T21:14:01+00:00\" \/>\n<meta property=\"og:image\" content=\"https:\/\/www.simracingalmeria.es\/wp-content\/uploads\/2025\/05\/IMG_4284.jpeg\" \/>\n<meta name=\"twitter:card\" content=\"summary_large_image\" \/>\n<meta name=\"twitter:label1\" content=\"Tiempo de lectura\" \/>\n\t<meta name=\"twitter:data1\" content=\"2 minutos\" \/>\n<script type=\"application\/ld+json\" class=\"yoast-schema-graph\">{\"@context\":\"https:\/\/schema.org\",\"@graph\":[{\"@type\":\"WebPage\",\"@id\":\"https:\/\/www.simracingalmeria.es\/index.php\/sebring-17-5-2025\/\",\"url\":\"https:\/\/www.simracingalmeria.es\/index.php\/sebring-17-5-2025\/\",\"name\":\"Sebring 17-5-2025 - SimRacing Almeria\",\"isPartOf\":{\"@id\":\"https:\/\/www.simracingalmeria.es\/#website\"},\"primaryImageOfPage\":{\"@id\":\"https:\/\/www.simracingalmeria.es\/index.php\/sebring-17-5-2025\/#primaryimage\"},\"image\":{\"@id\":\"https:\/\/www.simracingalmeria.es\/index.php\/sebring-17-5-2025\/#primaryimage\"},\"thumbnailUrl\":\"https:\/\/www.simracingalmeria.es\/wp-content\/uploads\/2025\/05\/IMG_4284.jpeg\",\"datePublished\":\"2025-05-19T18:16:12+00:00\",\"dateModified\":\"2025-05-19T21:14:01+00:00\",\"breadcrumb\":{\"@id\":\"https:\/\/www.simracingalmeria.es\/index.php\/sebring-17-5-2025\/#breadcrumb\"},\"inLanguage\":\"es\",\"potentialAction\":[{\"@type\":\"ReadAction\",\"target\":[\"https:\/\/www.simracingalmeria.es\/index.php\/sebring-17-5-2025\/\"]}]},{\"@type\":\"ImageObject\",\"inLanguage\":\"es\",\"@id\":\"https:\/\/www.simracingalmeria.es\/index.php\/sebring-17-5-2025\/#primaryimage\",\"url\":\"https:\/\/www.simracingalmeria.es\/wp-content\/uploads\/2025\/05\/IMG_4284.jpeg\",\"contentUrl\":\"https:\/\/www.simracingalmeria.es\/wp-content\/uploads\/2025\/05\/IMG_4284.jpeg\",\"width\":333,\"height\":591},{\"@type\":\"BreadcrumbList\",\"@id\":\"https:\/\/www.simracingalmeria.es\/index.php\/sebring-17-5-2025\/#breadcrumb\",\"itemListElement\":[{\"@type\":\"ListItem\",\"position\":1,\"name\":\"Portada\",\"item\":\"https:\/\/www.simracingalmeria.es\/\"},{\"@type\":\"ListItem\",\"position\":2,\"name\":\"Sebring 17-5-2025\"}]},{\"@type\":\"WebSite\",\"@id\":\"https:\/\/www.simracingalmeria.es\/#website\",\"url\":\"https:\/\/www.simracingalmeria.es\/\",\"name\":\"SimRacing Almeria\",\"description\":\"\",\"publisher\":{\"@id\":\"https:\/\/www.simracingalmeria.es\/#organization\"},\"potentialAction\":[{\"@type\":\"SearchAction\",\"target\":{\"@type\":\"EntryPoint\",\"urlTemplate\":\"https:\/\/www.simracingalmeria.es\/?s={search_term_string}\"},\"query-input\":\"required name=search_term_string\"}],\"inLanguage\":\"es\"},{\"@type\":\"Organization\",\"@id\":\"https:\/\/www.simracingalmeria.es\/#organization\",\"name\":\"SimRacing Almeria\",\"url\":\"https:\/\/www.simracingalmeria.es\/\",\"logo\":{\"@type\":\"ImageObject\",\"inLanguage\":\"es\",\"@id\":\"https:\/\/www.simracingalmeria.es\/#\/schema\/logo\/image\/\",\"url\":\"https:\/\/www.simracingalmeria.es\/wp-content\/uploads\/2024\/07\/logo-simracing-blanco-1.png\",\"contentUrl\":\"https:\/\/www.simracingalmeria.es\/wp-content\/uploads\/2024\/07\/logo-simracing-blanco-1.png\",\"width\":639,\"height\":184,\"caption\":\"SimRacing Almeria\"},\"image\":{\"@id\":\"https:\/\/www.simracingalmeria.es\/#\/schema\/logo\/image\/\"}}]}<\/script>\n<!-- \/ Yoast SEO plugin. -->","yoast_head_json":{"title":"Sebring 17-5-2025 - SimRacing Almeria","robots":{"index":"index","follow":"follow","max-snippet":"max-snippet:-1","max-image-preview":"max-image-preview:large","max-video-preview":"max-video-preview:-1"},"canonical":"https:\/\/www.simracingalmeria.es\/index.php\/sebring-17-5-2025\/","og_locale":"es_ES","og_type":"article","og_title":"Sebring 17-5-2025 - SimRacing Almeria","og_description":"Campeonato Am\u00e9ricas -Sebring 17-5-2025- El pasado 17 de Mayo, se celebr\u00f3 la segunda prueba puntuable para el Campeonato las Am\u00e9ricas, en esta ocasi\u00f3n la prueba se hizo en el m\u00edtico circuito de Sebring con el coche Porsche 919 Hibrido. El setup del coche, era cerrado y para todos los pilotos el mismo, setup realizado por [&hellip;]","og_url":"https:\/\/www.simracingalmeria.es\/index.php\/sebring-17-5-2025\/","og_site_name":"SimRacing Almeria","article_modified_time":"2025-05-19T21:14:01+00:00","og_image":[{"url":"https:\/\/www.simracingalmeria.es\/wp-content\/uploads\/2025\/05\/IMG_4284.jpeg"}],"twitter_card":"summary_large_image","twitter_misc":{"Tiempo de lectura":"2 minutos"},"schema":{"@context":"https:\/\/schema.org","@graph":[{"@type":"WebPage","@id":"https:\/\/www.simracingalmeria.es\/index.php\/sebring-17-5-2025\/","url":"https:\/\/www.simracingalmeria.es\/index.php\/sebring-17-5-2025\/","name":"Sebring 17-5-2025 - SimRacing Almeria","isPartOf":{"@id":"https:\/\/www.simracingalmeria.es\/#website"},"primaryImageOfPage":{"@id":"https:\/\/www.simracingalmeria.es\/index.php\/sebring-17-5-2025\/#primaryimage"},"image":{"@id":"https:\/\/www.simracingalmeria.es\/index.php\/sebring-17-5-2025\/#primaryimage"},"thumbnailUrl":"https:\/\/www.simracingalmeria.es\/wp-content\/uploads\/2025\/05\/IMG_4284.jpeg","datePublished":"2025-05-19T18:16:12+00:00","dateModified":"2025-05-19T21:14:01+00:00","breadcrumb":{"@id":"https:\/\/www.simracingalmeria.es\/index.php\/sebring-17-5-2025\/#breadcrumb"},"inLanguage":"es","potentialAction":[{"@type":"ReadAction","target":["https:\/\/www.simracingalmeria.es\/index.php\/sebring-17-5-2025\/"]}]},{"@type":"ImageObject","inLanguage":"es","@id":"https:\/\/www.simracingalmeria.es\/index.php\/sebring-17-5-2025\/#primaryimage","url":"https:\/\/www.simracingalmeria.es\/wp-content\/uploads\/2025\/05\/IMG_4284.jpeg","contentUrl":"https:\/\/www.simracingalmeria.es\/wp-content\/uploads\/2025\/05\/IMG_4284.jpeg","width":333,"height":591},{"@type":"BreadcrumbList","@id":"https:\/\/www.simracingalmeria.es\/index.php\/sebring-17-5-2025\/#breadcrumb","itemListElement":[{"@type":"ListItem","position":1,"name":"Portada","item":"https:\/\/www.simracingalmeria.es\/"},{"@type":"ListItem","position":2,"name":"Sebring 17-5-2025"}]},{"@type":"WebSite","@id":"https:\/\/www.simracingalmeria.es\/#website","url":"https:\/\/www.simracingalmeria.es\/","name":"SimRacing Almeria","description":"","publisher":{"@id":"https:\/\/www.simracingalmeria.es\/#organization"},"potentialAction":[{"@type":"SearchAction","target":{"@type":"EntryPoint","urlTemplate":"https:\/\/www.simracingalmeria.es\/?s={search_term_string}"},"query-input":"required name=search_term_string"}],"inLanguage":"es"},{"@type":"Organization","@id":"https:\/\/www.simracingalmeria.es\/#organization","name":"SimRacing Almeria","url":"https:\/\/www.simracingalmeria.es\/","logo":{"@type":"ImageObject","inLanguage":"es","@id":"https:\/\/www.simracingalmeria.es\/#\/schema\/logo\/image\/","url":"https:\/\/www.simracingalmeria.es\/wp-content\/uploads\/2024\/07\/logo-simracing-blanco-1.png","contentUrl":"https:\/\/www.simracingalmeria.es\/wp-content\/uploads\/2024\/07\/logo-simracing-blanco-1.png","width":639,"height":184,"caption":"SimRacing Almeria"},"image":{"@id":"https:\/\/www.simracingalmeria.es\/#\/schema\/logo\/image\/"}}]}},"_links":{"self":[{"href":"https:\/\/www.simracingalmeria.es\/index.php\/wp-json\/wp\/v2\/pages\/368","targetHints":{"allow":["GET"]}}],"collection":[{"href":"https:\/\/www.simracingalmeria.es\/index.php\/wp-json\/wp\/v2\/pages"}],"about":[{"href":"https:\/\/www.simracingalmeria.es\/index.php\/wp-json\/wp\/v2\/types\/page"}],"author":[{"embeddable":true,"href":"https:\/\/www.simracingalmeria.es\/index.php\/wp-json\/wp\/v2\/users\/1"}],"replies":[{"embeddable":true,"href":"https:\/\/www.simracingalmeria.es\/index.php\/wp-json\/wp\/v2\/comments?post=368"}],"version-history":[{"count":0,"href":"https:\/\/www.simracingalmeria.es\/index.php\/wp-json\/wp\/v2\/pages\/368\/revisions"}],"wp:attachment":[{"href":"https:\/\/www.simracingalmeria.es\/index.php\/wp-json\/wp\/v2\/media?parent=368"}],"curies":[{"name":"wp","href":"https:\/\/api.w.org\/{rel}","templated":true}]}}