{"id":154,"date":"2024-07-11T18:11:43","date_gmt":"2024-07-11T16:11:43","guid":{"rendered":"https:\/\/www.simracingalmeria.es\/?page_id=154"},"modified":"2024-07-11T18:13:09","modified_gmt":"2024-07-11T16:13:09","slug":"politica-de-cookies","status":"publish","type":"page","link":"https:\/\/www.simracingalmeria.es\/index.php\/politica-de-cookies\/","title":{"rendered":"Politica de Cookies"},"content":{"rendered":"\t\t<div data-elementor-type=\"wp-page\" data-elementor-id=\"154\" class=\"elementor elementor-154\" data-elementor-post-type=\"page\">\n\t\t\t\t<div class=\"elementor-element elementor-element-0f92da0 e-flex e-con-boxed e-con e-parent\" data-id=\"0f92da0\" data-element_type=\"container\">\n\t\t\t\t\t<div class=\"e-con-inner\">\n\t\t\t\t<div class=\"elementor-element elementor-element-1ff7dbf elementor-widget elementor-widget-heading\" data-id=\"1ff7dbf\" data-element_type=\"widget\" data-widget_type=\"heading.default\">\n\t\t\t\t<div class=\"elementor-widget-container\">\n\t\t\t<h2 class=\"elementor-heading-title elementor-size-default\">Politica de Cookies<\/h2>\t\t<\/div>\n\t\t\t\t<\/div>\n\t\t\t\t<div class=\"elementor-element elementor-element-08c5b7b elementor-widget elementor-widget-text-editor\" data-id=\"08c5b7b\" data-element_type=\"widget\" data-widget_type=\"text-editor.default\">\n\t\t\t\t<div class=\"elementor-widget-container\">\n\t\t\t\t\t\t\t<p>a)<strong> Definici\u00f3n<\/strong><\/p><p>Una cookie es un fichero que se descarga en su ordenador\/smartphone\/tablet al acceder a determinadas p\u00e1ginas web. Las cookies permiten a una p\u00e1gina web, entre otras cosas, almacenar y recuperar informaci\u00f3n sobre los h\u00e1bitos de navegaci\u00f3n de un usuario o de su equipo y, dependiendo de la informaci\u00f3n que contengan y de la forma en que utilice su equipo, pueden utilizarse para reconocer al usuario.<\/p><p>Una de las clasificaciones que se puede hacer de las cookies es sobre la finalidad a la que se destinan, as\u00ed tenemos varios tipos:<\/p><p><em>-Cookies <\/em>t\u00e9cnicas: Son aqu\u00e9llas que permiten al usuario la navegaci\u00f3n a trav\u00e9s de una p\u00e1gina web, plataforma o aplicaci\u00f3n y la utilizaci\u00f3n de las diferentes opciones o servicios que en ella existan como, por ejemplo, controlar el tr\u00e1fico y la comunicaci\u00f3n de datos, identificar la sesi\u00f3n, acceder a partes de acceso restringido, recordar los elementos que integran un pedido, realizar el proceso de compra de un pedido, realizar la solicitud de inscripci\u00f3n o participaci\u00f3n en un evento, utilizar elementos de seguridad durante la navegaci\u00f3n, almacenar contenidos para la difusi\u00f3n de v\u00eddeos o sonido o compartir contenidos a trav\u00e9s de redes sociales.<\/p><p><em>&#8211; Cookies <\/em>de personalizaci\u00f3n: Son aqu\u00e9llas que permiten al usuario acceder al servicio con algunas caracter\u00edsticas de car\u00e1cter general predefinidas en funci\u00f3n de una serie de criterios en el terminal del usuario como por ejemplo serian el idioma, el tipo de navegador a trav\u00e9s del cual accede al servicio, la configuraci\u00f3n regional desde donde accede al servicio, etc.<\/p><p><em>&#8211; Cookies <\/em>de an\u00e1lisis: Son aqu\u00e9llas que permiten al responsable de las mismas, el seguimiento y an\u00e1lisis del comportamiento de los usuarios de los sitios web a los que est\u00e1n vinculadas. La informaci\u00f3n recogida mediante este tipo de cookies se utiliza en la medici\u00f3n de la actividad de los sitios web, aplicaci\u00f3n o plataforma y para la elaboraci\u00f3n de perfiles de navegaci\u00f3n de los usuarios de dichos sitios, aplicaciones y plataformas, con el fin de introducir mejoras en funci\u00f3n del an\u00e1lisis de los datos de uso que hacen los usuarios del servicio.<\/p><p><em>&#8211; Cookies <\/em>publicitarias: Son aqu\u00e9llas que permiten la gesti\u00f3n, de la forma m\u00e1s eficaz posible, de los espacios publicitarios que, en su caso, el editor haya incluido en una p\u00e1gina web, aplicaci\u00f3n o plataforma desde la que presta el servicio solicitado en base a criterios como el contenido editado o la frecuencia en la que se muestran los anuncios.<\/p><p><em>&#8211; Cookies de <\/em>publicidad comportamental: Son aqu\u00e9llas que permiten la gesti\u00f3n, de la forma m\u00e1s eficaz posible, de los espacios publicitarios que, en su caso, el editor haya incluido en una p\u00e1gina web, aplicaci\u00f3n o plataforma desde la que presta el servicio solicitado. Estas cookies almacenan informaci\u00f3n del comportamiento de los usuarios obtenida a trav\u00e9s de la observaci\u00f3n continuada de sus h\u00e1bitos de navegaci\u00f3n, lo que permite desarrollar un perfil espec\u00edfico para mostrar publicidad en funci\u00f3n del mismo.<\/p><p>\u00a0<\/p><p><b>b) Configuraci\u00f3n en mi equipo.<\/b><\/p><p>[user_consent_state]<\/p><p>\u00a0<\/p><p><strong>c) Tipos de cookies en esta web<\/strong> <strong>.<\/strong><\/p><p>[cookie_category]<\/p><p><span style=\"color: #444444; font-family: -apple-system, BlinkMacSystemFont, 'Segoe UI', Roboto, Oxygen-Sans, Ubuntu, Cantarell, 'Helvetica Neue', sans-serif; font-size: 13px; font-weight: bold;\">[cookie_audit_category]<\/span><\/p><p><span style=\"color: #444444; font-family: -apple-system, BlinkMacSystemFont, 'Segoe UI', Roboto, Oxygen-Sans, Ubuntu, Cantarell, 'Helvetica Neue', sans-serif; font-size: 13px; font-weight: bold;\">\u00a0<\/span><\/p><p><strong>d) \u00bfC\u00f3mo puedo desactivar o eliminar estas cookies en los navegadores?<\/strong><\/p><p>Al clicar en alg\u00fan enlace de esta <em>web<\/em> se pueden instalar cookies. Una vez abandone esta p\u00e1gina, revise la pol\u00edtica de cookies de esos sitios.<\/p><p>El usuario podr\u00e1 -en cualquier momento- elegir qu\u00e9 cookies quiere que funcionen en este sitio web mediante:<\/p><p>la configuraci\u00f3n del\u00a0<strong>navegador<\/strong>; por ejemplo:<\/p><p><strong>Chrome<\/strong>, desde\u00a0<a href=\"http:\/\/support.google.com\/chrome\/bin\/answer.py?hl=es&amp;answer=95647\">http:\/\/support.google.com\/chrome\/bin\/answer.py?hl=es&amp;answer=95647<\/a><\/p><p><strong>Explorer<\/strong>, desde\u00a0<a href=\"http:\/\/windows.microsoft.com\/es-es\/windows7\/how-to-manage-cookies-in-internet-explorer-9\">http:\/\/windows.microsoft.com\/es-es\/windows7\/how-to-manage-cookies-in-internet-explorer-9<\/a><\/p><p><strong>Firefox<\/strong>, desde\u00a0<a href=\"http:\/\/support.mozilla.org\/es\/kb\/habilitar-y-deshabilitar-cookies-que-los-sitios-we\">http:\/\/support.mozilla.org\/es\/kb\/habilitar-y-deshabilitar-cookies-que-los-sitios-we<\/a><\/p><p><strong>Safari<\/strong>, desde\u00a0<a href=\"http:\/\/support.apple.com\/kb\/ph5042\">http:\/\/support.apple.com\/kb\/ph5042<\/a><\/p><p><strong>e) Qu\u00e9 ocurre si se deshabilitan las Cookies<\/strong><br \/>Algunas funcionalidades de los servicios quedar\u00e1n deshabilitados.<\/p>\t\t\t\t\t\t<\/div>\n\t\t\t\t<\/div>\n\t\t\t\t\t<\/div>\n\t\t\t\t<\/div>\n\t\t\t\t<\/div>\n\t\t","protected":false},"excerpt":{"rendered":"<p>Politica de Cookies a) Definici\u00f3n Una cookie es un fichero que se descarga en su ordenador\/smartphone\/tablet al acceder a determinadas p\u00e1ginas web. Las cookies permiten a una p\u00e1gina web, entre otras cosas, almacenar y recuperar informaci\u00f3n sobre los h\u00e1bitos de navegaci\u00f3n de un usuario o de su equipo y, dependiendo de la informaci\u00f3n que contengan [&hellip;]<\/p>\n","protected":false},"author":1,"featured_media":0,"parent":0,"menu_order":0,"comment_status":"closed","ping_status":"closed","template":"","meta":{"footnotes":""},"class_list":["post-154","page","type-page","status-publish","hentry"],"yoast_head":"<!-- This site is optimized with the Yoast SEO plugin v23.0 - https:\/\/yoast.com\/wordpress\/plugins\/seo\/ -->\n<title>Politica de Cookies - SimRacing Almeria<\/title>\n<meta name=\"robots\" content=\"index, follow, max-snippet:-1, max-image-preview:large, max-video-preview:-1\" \/>\n<link rel=\"canonical\" href=\"https:\/\/www.simracingalmeria.es\/index.php\/politica-de-cookies\/\" \/>\n<meta property=\"og:locale\" content=\"es_ES\" \/>\n<meta property=\"og:type\" content=\"article\" \/>\n<meta property=\"og:title\" content=\"Politica de Cookies - SimRacing Almeria\" \/>\n<meta property=\"og:description\" content=\"Politica de Cookies a) Definici\u00f3n Una cookie es un fichero que se descarga en su ordenador\/smartphone\/tablet al acceder a determinadas p\u00e1ginas web. Las cookies permiten a una p\u00e1gina web, entre otras cosas, almacenar y recuperar informaci\u00f3n sobre los h\u00e1bitos de navegaci\u00f3n de un usuario o de su equipo y, dependiendo de la informaci\u00f3n que contengan [&hellip;]\" \/>\n<meta property=\"og:url\" content=\"https:\/\/www.simracingalmeria.es\/index.php\/politica-de-cookies\/\" \/>\n<meta property=\"og:site_name\" content=\"SimRacing Almeria\" \/>\n<meta property=\"article:modified_time\" content=\"2024-07-11T16:13:09+00:00\" \/>\n<meta name=\"twitter:card\" content=\"summary_large_image\" \/>\n<meta name=\"twitter:label1\" content=\"Tiempo de lectura\" \/>\n\t<meta name=\"twitter:data1\" content=\"3 minutos\" \/>\n<script type=\"application\/ld+json\" class=\"yoast-schema-graph\">{\"@context\":\"https:\/\/schema.org\",\"@graph\":[{\"@type\":\"WebPage\",\"@id\":\"https:\/\/www.simracingalmeria.es\/index.php\/politica-de-cookies\/\",\"url\":\"https:\/\/www.simracingalmeria.es\/index.php\/politica-de-cookies\/\",\"name\":\"Politica de Cookies - SimRacing Almeria\",\"isPartOf\":{\"@id\":\"https:\/\/www.simracingalmeria.es\/#website\"},\"datePublished\":\"2024-07-11T16:11:43+00:00\",\"dateModified\":\"2024-07-11T16:13:09+00:00\",\"breadcrumb\":{\"@id\":\"https:\/\/www.simracingalmeria.es\/index.php\/politica-de-cookies\/#breadcrumb\"},\"inLanguage\":\"es\",\"potentialAction\":[{\"@type\":\"ReadAction\",\"target\":[\"https:\/\/www.simracingalmeria.es\/index.php\/politica-de-cookies\/\"]}]},{\"@type\":\"BreadcrumbList\",\"@id\":\"https:\/\/www.simracingalmeria.es\/index.php\/politica-de-cookies\/#breadcrumb\",\"itemListElement\":[{\"@type\":\"ListItem\",\"position\":1,\"name\":\"Portada\",\"item\":\"https:\/\/www.simracingalmeria.es\/\"},{\"@type\":\"ListItem\",\"position\":2,\"name\":\"Politica de Cookies\"}]},{\"@type\":\"WebSite\",\"@id\":\"https:\/\/www.simracingalmeria.es\/#website\",\"url\":\"https:\/\/www.simracingalmeria.es\/\",\"name\":\"SimRacing Almeria\",\"description\":\"\",\"publisher\":{\"@id\":\"https:\/\/www.simracingalmeria.es\/#organization\"},\"potentialAction\":[{\"@type\":\"SearchAction\",\"target\":{\"@type\":\"EntryPoint\",\"urlTemplate\":\"https:\/\/www.simracingalmeria.es\/?s={search_term_string}\"},\"query-input\":\"required name=search_term_string\"}],\"inLanguage\":\"es\"},{\"@type\":\"Organization\",\"@id\":\"https:\/\/www.simracingalmeria.es\/#organization\",\"name\":\"SimRacing Almeria\",\"url\":\"https:\/\/www.simracingalmeria.es\/\",\"logo\":{\"@type\":\"ImageObject\",\"inLanguage\":\"es\",\"@id\":\"https:\/\/www.simracingalmeria.es\/#\/schema\/logo\/image\/\",\"url\":\"https:\/\/www.simracingalmeria.es\/wp-content\/uploads\/2024\/07\/logo-simracing-blanco-1.png\",\"contentUrl\":\"https:\/\/www.simracingalmeria.es\/wp-content\/uploads\/2024\/07\/logo-simracing-blanco-1.png\",\"width\":639,\"height\":184,\"caption\":\"SimRacing Almeria\"},\"image\":{\"@id\":\"https:\/\/www.simracingalmeria.es\/#\/schema\/logo\/image\/\"}}]}<\/script>\n<!-- \/ Yoast SEO plugin. -->","yoast_head_json":{"title":"Politica de Cookies - SimRacing Almeria","robots":{"index":"index","follow":"follow","max-snippet":"max-snippet:-1","max-image-preview":"max-image-preview:large","max-video-preview":"max-video-preview:-1"},"canonical":"https:\/\/www.simracingalmeria.es\/index.php\/politica-de-cookies\/","og_locale":"es_ES","og_type":"article","og_title":"Politica de Cookies - SimRacing Almeria","og_description":"Politica de Cookies a) Definici\u00f3n Una cookie es un fichero que se descarga en su ordenador\/smartphone\/tablet al acceder a determinadas p\u00e1ginas web. Las cookies permiten a una p\u00e1gina web, entre otras cosas, almacenar y recuperar informaci\u00f3n sobre los h\u00e1bitos de navegaci\u00f3n de un usuario o de su equipo y, dependiendo de la informaci\u00f3n que contengan [&hellip;]","og_url":"https:\/\/www.simracingalmeria.es\/index.php\/politica-de-cookies\/","og_site_name":"SimRacing Almeria","article_modified_time":"2024-07-11T16:13:09+00:00","twitter_card":"summary_large_image","twitter_misc":{"Tiempo de lectura":"3 minutos"},"schema":{"@context":"https:\/\/schema.org","@graph":[{"@type":"WebPage","@id":"https:\/\/www.simracingalmeria.es\/index.php\/politica-de-cookies\/","url":"https:\/\/www.simracingalmeria.es\/index.php\/politica-de-cookies\/","name":"Politica de Cookies - SimRacing Almeria","isPartOf":{"@id":"https:\/\/www.simracingalmeria.es\/#website"},"datePublished":"2024-07-11T16:11:43+00:00","dateModified":"2024-07-11T16:13:09+00:00","breadcrumb":{"@id":"https:\/\/www.simracingalmeria.es\/index.php\/politica-de-cookies\/#breadcrumb"},"inLanguage":"es","potentialAction":[{"@type":"ReadAction","target":["https:\/\/www.simracingalmeria.es\/index.php\/politica-de-cookies\/"]}]},{"@type":"BreadcrumbList","@id":"https:\/\/www.simracingalmeria.es\/index.php\/politica-de-cookies\/#breadcrumb","itemListElement":[{"@type":"ListItem","position":1,"name":"Portada","item":"https:\/\/www.simracingalmeria.es\/"},{"@type":"ListItem","position":2,"name":"Politica de Cookies"}]},{"@type":"WebSite","@id":"https:\/\/www.simracingalmeria.es\/#website","url":"https:\/\/www.simracingalmeria.es\/","name":"SimRacing Almeria","description":"","publisher":{"@id":"https:\/\/www.simracingalmeria.es\/#organization"},"potentialAction":[{"@type":"SearchAction","target":{"@type":"EntryPoint","urlTemplate":"https:\/\/www.simracingalmeria.es\/?s={search_term_string}"},"query-input":"required name=search_term_string"}],"inLanguage":"es"},{"@type":"Organization","@id":"https:\/\/www.simracingalmeria.es\/#organization","name":"SimRacing Almeria","url":"https:\/\/www.simracingalmeria.es\/","logo":{"@type":"ImageObject","inLanguage":"es","@id":"https:\/\/www.simracingalmeria.es\/#\/schema\/logo\/image\/","url":"https:\/\/www.simracingalmeria.es\/wp-content\/uploads\/2024\/07\/logo-simracing-blanco-1.png","contentUrl":"https:\/\/www.simracingalmeria.es\/wp-content\/uploads\/2024\/07\/logo-simracing-blanco-1.png","width":639,"height":184,"caption":"SimRacing Almeria"},"image":{"@id":"https:\/\/www.simracingalmeria.es\/#\/schema\/logo\/image\/"}}]}},"_links":{"self":[{"href":"https:\/\/www.simracingalmeria.es\/index.php\/wp-json\/wp\/v2\/pages\/154","targetHints":{"allow":["GET"]}}],"collection":[{"href":"https:\/\/www.simracingalmeria.es\/index.php\/wp-json\/wp\/v2\/pages"}],"about":[{"href":"https:\/\/www.simracingalmeria.es\/index.php\/wp-json\/wp\/v2\/types\/page"}],"author":[{"embeddable":true,"href":"https:\/\/www.simracingalmeria.es\/index.php\/wp-json\/wp\/v2\/users\/1"}],"replies":[{"embeddable":true,"href":"https:\/\/www.simracingalmeria.es\/index.php\/wp-json\/wp\/v2\/comments?post=154"}],"version-history":[{"count":0,"href":"https:\/\/www.simracingalmeria.es\/index.php\/wp-json\/wp\/v2\/pages\/154\/revisions"}],"wp:attachment":[{"href":"https:\/\/www.simracingalmeria.es\/index.php\/wp-json\/wp\/v2\/media?parent=154"}],"curies":[{"name":"wp","href":"https:\/\/api.w.org\/{rel}","templated":true}]}}